{"id":99,"date":"2019-10-01T11:03:19","date_gmt":"2019-10-01T11:03:19","guid":{"rendered":"http:\/\/alice.phy.hr\/?page_id=99"},"modified":"2019-10-14T14:54:24","modified_gmt":"2019-10-14T14:54:24","slug":"d3-2-izvjesce-o-dizajnu-eksperimentalnog-postava-temeljenog-na-procedurama-za-mjerenje-propagacije-elektricnih-proboja-u-gem-detektoru","status":"publish","type":"page","link":"https:\/\/alice.phy.hr\/index.php\/d3-2-izvjesce-o-dizajnu-eksperimentalnog-postava-temeljenog-na-procedurama-za-mjerenje-propagacije-elektricnih-proboja-u-gem-detektoru\/","title":{"rendered":"D3.2 Izvje\u0161\u0107e o dizajnu eksperimentalnog postava temeljenog na procedurama za mjerenje propagacije elektri\u010dnih proboja u GEM detektoru"},"content":{"rendered":"\n<p>Klikom na ovaj <a href=\"http:\/\/alice.phy.hr\/wp-content\/uploads\/2019\/10\/D.3.2.pdf\" target=\"_blank\" rel=\"noreferrer noopener\" aria-label=\"link (opens in a new tab)\">link<\/a> mo\u017eete na\u0107i izvje\u0161\u0107e.<\/p>\n","protected":false},"excerpt":{"rendered":"<p>Klikom na ovaj link mo\u017eete na\u0107i izvje\u0161\u0107e.<\/p>\n","protected":false},"author":1,"featured_media":0,"parent":0,"menu_order":0,"comment_status":"closed","ping_status":"closed","template":"","meta":[],"_links":{"self":[{"href":"https:\/\/alice.phy.hr\/index.php\/wp-json\/wp\/v2\/pages\/99"}],"collection":[{"href":"https:\/\/alice.phy.hr\/index.php\/wp-json\/wp\/v2\/pages"}],"about":[{"href":"https:\/\/alice.phy.hr\/index.php\/wp-json\/wp\/v2\/types\/page"}],"author":[{"embeddable":true,"href":"https:\/\/alice.phy.hr\/index.php\/wp-json\/wp\/v2\/users\/1"}],"replies":[{"embeddable":true,"href":"https:\/\/alice.phy.hr\/index.php\/wp-json\/wp\/v2\/comments?post=99"}],"version-history":[{"count":2,"href":"https:\/\/alice.phy.hr\/index.php\/wp-json\/wp\/v2\/pages\/99\/revisions"}],"predecessor-version":[{"id":210,"href":"https:\/\/alice.phy.hr\/index.php\/wp-json\/wp\/v2\/pages\/99\/revisions\/210"}],"wp:attachment":[{"href":"https:\/\/alice.phy.hr\/index.php\/wp-json\/wp\/v2\/media?parent=99"}],"curies":[{"name":"wp","href":"https:\/\/api.w.org\/{rel}","templated":true}]}}