{"id":97,"date":"2019-10-01T11:03:05","date_gmt":"2019-10-01T11:03:05","guid":{"rendered":"http:\/\/alice.phy.hr\/?page_id=97"},"modified":"2019-10-14T14:53:19","modified_gmt":"2019-10-14T14:53:19","slug":"d3-1-izvjesce-o-istrazivanju-postojecih-postava-mjernih-tehnika-i-opreme-izrada-web-stranice","status":"publish","type":"page","link":"https:\/\/alice.phy.hr\/index.php\/d3-1-izvjesce-o-istrazivanju-postojecih-postava-mjernih-tehnika-i-opreme-izrada-web-stranice\/","title":{"rendered":"D3.1 Izvje\u0161\u0107e o istra\u017eivanju postoje\u0107ih postava, mjernih tehnika i opreme, izrada web stranice"},"content":{"rendered":"\n<p>Klikom na ovaj <a href=\"http:\/\/alice.phy.hr\/wp-content\/uploads\/2019\/10\/D.3.1.pdf\" target=\"_blank\" rel=\"noreferrer noopener\" aria-label=\"link (opens in a new tab)\">link<\/a> mo\u017eete na\u0107i izvje\u0161\u0107e.<\/p>\n","protected":false},"excerpt":{"rendered":"<p>Klikom na ovaj link mo\u017eete na\u0107i izvje\u0161\u0107e.<\/p>\n","protected":false},"author":1,"featured_media":0,"parent":0,"menu_order":0,"comment_status":"closed","ping_status":"closed","template":"","meta":[],"_links":{"self":[{"href":"https:\/\/alice.phy.hr\/index.php\/wp-json\/wp\/v2\/pages\/97"}],"collection":[{"href":"https:\/\/alice.phy.hr\/index.php\/wp-json\/wp\/v2\/pages"}],"about":[{"href":"https:\/\/alice.phy.hr\/index.php\/wp-json\/wp\/v2\/types\/page"}],"author":[{"embeddable":true,"href":"https:\/\/alice.phy.hr\/index.php\/wp-json\/wp\/v2\/users\/1"}],"replies":[{"embeddable":true,"href":"https:\/\/alice.phy.hr\/index.php\/wp-json\/wp\/v2\/comments?post=97"}],"version-history":[{"count":2,"href":"https:\/\/alice.phy.hr\/index.php\/wp-json\/wp\/v2\/pages\/97\/revisions"}],"predecessor-version":[{"id":208,"href":"https:\/\/alice.phy.hr\/index.php\/wp-json\/wp\/v2\/pages\/97\/revisions\/208"}],"wp:attachment":[{"href":"https:\/\/alice.phy.hr\/index.php\/wp-json\/wp\/v2\/media?parent=97"}],"curies":[{"name":"wp","href":"https:\/\/api.w.org\/{rel}","templated":true}]}}