{"id":95,"date":"2019-10-01T11:02:47","date_gmt":"2019-10-01T11:02:47","guid":{"rendered":"http:\/\/alice.phy.hr\/?page_id=95"},"modified":"2019-10-05T10:40:20","modified_gmt":"2019-10-05T10:40:20","slug":"d1-5-sudjelovanje-na-konferenciji-s-posterom-ili-izlaganjem","status":"publish","type":"page","link":"https:\/\/alice.phy.hr\/index.php\/d1-5-sudjelovanje-na-konferenciji-s-posterom-ili-izlaganjem\/","title":{"rendered":"D1.5 Sudjelovanje na konferenciji s posterom ili izlaganjem"},"content":{"rendered":"\n<div class=\"wp-block-image\"><figure class=\"alignleft is-resized\"><a href=\"http:\/\/alice.phy.hr\/wp-content\/uploads\/2019\/10\/HFD_poster_Marko.pdf\" target=\"_blank\" rel=\"noreferrer noopener\"><img decoding=\"async\" loading=\"lazy\" src=\"http:\/\/alice.phy.hr\/wp-content\/uploads\/2019\/10\/HFD_poster_Marko-213x300.jpg\" alt=\"\" class=\"wp-image-131\" width=\"213\" height=\"300\" srcset=\"https:\/\/alice.phy.hr\/wp-content\/uploads\/2019\/10\/HFD_poster_Marko-213x300.jpg 213w, https:\/\/alice.phy.hr\/wp-content\/uploads\/2019\/10\/HFD_poster_Marko-768x1081.jpg 768w, https:\/\/alice.phy.hr\/wp-content\/uploads\/2019\/10\/HFD_poster_Marko-727x1024.jpg 727w\" sizes=\"(max-width: 213px) 100vw, 213px\" \/><\/a><\/figure><\/div>\n\n\n\n<p>Grupa je sudjelovala na znanstvenom sastanku Hrvatskog Fizikalnog Dru\u0161tva s posterskim izlaganjem naslova &#8220;Primjena tehnika dubokog u\u010denja u fizici te\u0161kih iona&#8221;.<br><br>Kako je primarni cilj projekta studiranje dugodose\u017ene &#8220;ridge&#8221; strukture u dvo\u010desti\u010dnim kutnim korelacijama, glavna prepreka koja ote\u017eava to istra\u017eivanje je visoka pozadina koja poti\u010de od snopova \u010destica u kojima su \u010destice jako korelirane, no nisu dio ridge korelacije. U svrhu razumijevanja i eventualnog uklanjanja te pozadine, usredoto\u010dili smo se na istra\u017eivanje naravi i porijeklo samih snopova. Originalno se to uklanjanje namjeravalo vr\u0161iti kori\u0161tenjem varijable transverzalnog sfericiteta, ali\u00a0autokorelacije izme\u0111u transversalnog sfericiteta (varijabla koja ovisi o obliku doga\u0111aja) i dvo\u010desti\u010dne kutne korelacijske funkcije (koja tako\u0111er ima ovisnost o obliku doga\u0111aja) donekle onemogu\u0107uju nezavisna mjerenja. Stoga smo paralelno sa sfericitetom krenuli s implementacijom nove obe\u0107avaju\u0107e metode za detekciju i izoliranje tih snopova koriste\u0107i neuralne mre\u017ee i strojno u\u010denje. <\/p>\n\n\n\n<p><a rel=\"noreferrer noopener\" href=\"http:\/\/www.hfd.hr\/zs\/zs2018\/\" target=\"_blank\">Ovdje<\/a> se mo\u017ee vidjeti website sastanka, a klikom na sliku lijevo otvara se link na poster.<\/p>\n\n\n\n<div class=\"wp-block-image\"><figure class=\"alignleft is-resized\"><a href=\"http:\/\/alice.phy.hr\/wp-content\/uploads\/2019\/10\/MPGD_2019.pdf\" target=\"_blank\" rel=\"noreferrer noopener\"><img decoding=\"async\" loading=\"lazy\" src=\"http:\/\/alice.phy.hr\/wp-content\/uploads\/2019\/10\/MPGD_2019.jpg\" alt=\"\" class=\"wp-image-157\" width=\"250\" height=\"141\" srcset=\"https:\/\/alice.phy.hr\/wp-content\/uploads\/2019\/10\/MPGD_2019.jpg 1000w, https:\/\/alice.phy.hr\/wp-content\/uploads\/2019\/10\/MPGD_2019-300x169.jpg 300w, https:\/\/alice.phy.hr\/wp-content\/uploads\/2019\/10\/MPGD_2019-768x432.jpg 768w\" sizes=\"(max-width: 250px) 100vw, 250px\" \/><\/a><\/figure><\/div>\n\n\n\n<p>Na konferenciji &#8220;MicroPattern Gaseous Detectors Conference 2019 (La Rochelle, Francuska) odr\u017eali smo predavanje &#8220;Correlation of optical and electrical measurements of the delayed discharge propagation in GEM detector&#8221; u suradnji s A. Utrobi\u010di\u0107.<\/p>\n\n\n\n<p><a rel=\"noreferrer noopener\" href=\"https:\/\/indico.cern.ch\/event\/757322\/\" target=\"_blank\">Ovdje<\/a> se mo\u017ee vidjeti website sastanka, a klikom na sliku lijevo otvara se prezentacija.<br><\/p>\n","protected":false},"excerpt":{"rendered":"<p>Grupa je sudjelovala na znanstvenom sastanku Hrvatskog Fizikalnog Dru\u0161tva s posterskim izlaganjem naslova &#8220;Primjena tehnika dubokog u\u010denja u fizici te\u0161kih iona&#8221;. Kako je primarni cilj projekta studiranje dugodose\u017ene &#8220;ridge&#8221; strukture u dvo\u010desti\u010dnim kutnim korelacijama, glavna prepreka koja ote\u017eava to istra\u017eivanje je visoka pozadina koja poti\u010de od snopova \u010destica u kojima su \u010destice jako korelirane, no &#8230; <a title=\"D1.5 Sudjelovanje na konferenciji s posterom ili izlaganjem\" class=\"read-more\" href=\"https:\/\/alice.phy.hr\/index.php\/d1-5-sudjelovanje-na-konferenciji-s-posterom-ili-izlaganjem\/\">Read more<span class=\"screen-reader-text\">D1.5 Sudjelovanje na konferenciji s posterom ili izlaganjem<\/span><\/a><\/p>\n","protected":false},"author":1,"featured_media":0,"parent":0,"menu_order":0,"comment_status":"closed","ping_status":"closed","template":"","meta":[],"_links":{"self":[{"href":"https:\/\/alice.phy.hr\/index.php\/wp-json\/wp\/v2\/pages\/95"}],"collection":[{"href":"https:\/\/alice.phy.hr\/index.php\/wp-json\/wp\/v2\/pages"}],"about":[{"href":"https:\/\/alice.phy.hr\/index.php\/wp-json\/wp\/v2\/types\/page"}],"author":[{"embeddable":true,"href":"https:\/\/alice.phy.hr\/index.php\/wp-json\/wp\/v2\/users\/1"}],"replies":[{"embeddable":true,"href":"https:\/\/alice.phy.hr\/index.php\/wp-json\/wp\/v2\/comments?post=95"}],"version-history":[{"count":7,"href":"https:\/\/alice.phy.hr\/index.php\/wp-json\/wp\/v2\/pages\/95\/revisions"}],"predecessor-version":[{"id":203,"href":"https:\/\/alice.phy.hr\/index.php\/wp-json\/wp\/v2\/pages\/95\/revisions\/203"}],"wp:attachment":[{"href":"https:\/\/alice.phy.hr\/index.php\/wp-json\/wp\/v2\/media?parent=95"}],"curies":[{"name":"wp","href":"https:\/\/api.w.org\/{rel}","templated":true}]}}