{"id":60,"date":"2019-10-01T10:47:31","date_gmt":"2019-10-01T10:47:31","guid":{"rendered":"http:\/\/alice.phy.hr\/?page_id=60"},"modified":"2019-10-01T10:58:44","modified_gmt":"2019-10-01T10:58:44","slug":"d-1-1","status":"publish","type":"page","link":"https:\/\/alice.phy.hr\/index.php\/d-1-1\/","title":{"rendered":"D1.1 Reproduciranje ve\u0107 poznatih rezultata dvo\u010desti\u010dnih korelacija"},"content":{"rendered":"\n<figure class=\"wp-block-image\"><img decoding=\"async\" loading=\"lazy\" width=\"960\" height=\"486\" src=\"http:\/\/alice.phy.hr\/wp-content\/uploads\/2019\/10\/D1.1.1.png\" alt=\"\" class=\"wp-image-62\" srcset=\"https:\/\/alice.phy.hr\/wp-content\/uploads\/2019\/10\/D1.1.1.png 960w, https:\/\/alice.phy.hr\/wp-content\/uploads\/2019\/10\/D1.1.1-300x152.png 300w, https:\/\/alice.phy.hr\/wp-content\/uploads\/2019\/10\/D1.1.1-768x389.png 768w\" sizes=\"(max-width: 960px) 100vw, 960px\" \/><figcaption>Dvo\u010desti\u010dne korelacije unutar istog doga\u0111aja i izme\u0111u mje\u0161anih doga\u0111aja. Omjer korelacija mi\u010de jedno\u010desti\u010dne efekte i detektorsku pozadinu iz kona\u010dnog rezultata. Rezultati su dobiveni iz podataka proton-proton sudara energije centra mase 7TeV s ALICE detektora.<\/figcaption><\/figure>\n\n\n\n<figure class=\"wp-block-image\"><img decoding=\"async\" loading=\"lazy\" width=\"1024\" height=\"738\" src=\"http:\/\/alice.phy.hr\/wp-content\/uploads\/2019\/10\/D.1.1.2-1024x738.png\" alt=\"\" class=\"wp-image-63\" srcset=\"https:\/\/alice.phy.hr\/wp-content\/uploads\/2019\/10\/D.1.1.2-1024x738.png 1024w, https:\/\/alice.phy.hr\/wp-content\/uploads\/2019\/10\/D.1.1.2-300x216.png 300w, https:\/\/alice.phy.hr\/wp-content\/uploads\/2019\/10\/D.1.1.2-768x554.png 768w, https:\/\/alice.phy.hr\/wp-content\/uploads\/2019\/10\/D.1.1.2.png 1125w\" sizes=\"(max-width: 1024px) 100vw, 1024px\" \/><figcaption>Dvo\u010desti\u010dna korelacijska funkcija korigirana za efekte detektora i jedno\u010desti\u010dnih doprinosa. Rezultat je dobijen na istom setu podataka. U korelaciji su vidljive strukture koje dolaze od razli\u010ditih na\u010dina produkcije \u010destica.<\/figcaption><\/figure>\n","protected":false},"excerpt":{"rendered":"","protected":false},"author":1,"featured_media":0,"parent":0,"menu_order":0,"comment_status":"closed","ping_status":"closed","template":"","meta":[],"_links":{"self":[{"href":"https:\/\/alice.phy.hr\/index.php\/wp-json\/wp\/v2\/pages\/60"}],"collection":[{"href":"https:\/\/alice.phy.hr\/index.php\/wp-json\/wp\/v2\/pages"}],"about":[{"href":"https:\/\/alice.phy.hr\/index.php\/wp-json\/wp\/v2\/types\/page"}],"author":[{"embeddable":true,"href":"https:\/\/alice.phy.hr\/index.php\/wp-json\/wp\/v2\/users\/1"}],"replies":[{"embeddable":true,"href":"https:\/\/alice.phy.hr\/index.php\/wp-json\/wp\/v2\/comments?post=60"}],"version-history":[{"count":8,"href":"https:\/\/alice.phy.hr\/index.php\/wp-json\/wp\/v2\/pages\/60\/revisions"}],"predecessor-version":[{"id":73,"href":"https:\/\/alice.phy.hr\/index.php\/wp-json\/wp\/v2\/pages\/60\/revisions\/73"}],"wp:attachment":[{"href":"https:\/\/alice.phy.hr\/index.php\/wp-json\/wp\/v2\/media?parent=60"}],"curies":[{"name":"wp","href":"https:\/\/api.w.org\/{rel}","templated":true}]}}