{"id":425,"date":"2022-10-21T14:31:13","date_gmt":"2022-10-21T14:31:13","guid":{"rendered":"https:\/\/alice.phy.hr\/?page_id=425"},"modified":"2022-10-21T14:31:21","modified_gmt":"2022-10-21T14:31:21","slug":"d5-2-komponente-za-zastitni-uredaj-od-propagacije-proboja-su-nabavljene-a-naruceni-dijelovi-su-napravljeni","status":"publish","type":"page","link":"https:\/\/alice.phy.hr\/index.php\/d5-2-komponente-za-zastitni-uredaj-od-propagacije-proboja-su-nabavljene-a-naruceni-dijelovi-su-napravljeni\/","title":{"rendered":"D5.2. Komponente za za\u0161titni ure\u0111aj od propagacije proboja su nabavljene a naru\u010deni dijelovi su napravljeni"},"content":{"rendered":"\n<p>Komponente za za\u0161titni ure\u0111aj od propagacije proboja naru\u010dene su iz Farnella te su pristigle u laboratorij. Komponente su testirane i funkcionalne.<\/p>\n\n\n\n<figure class=\"wp-block-image size-large\"><img decoding=\"async\" loading=\"lazy\" width=\"1024\" height=\"768\" src=\"https:\/\/alice.phy.hr\/wp-content\/uploads\/2022\/10\/IMG_20221021_112430844-1024x768.jpg\" alt=\"\" class=\"wp-image-426\" srcset=\"https:\/\/alice.phy.hr\/wp-content\/uploads\/2022\/10\/IMG_20221021_112430844-1024x768.jpg 1024w, https:\/\/alice.phy.hr\/wp-content\/uploads\/2022\/10\/IMG_20221021_112430844-300x225.jpg 300w, https:\/\/alice.phy.hr\/wp-content\/uploads\/2022\/10\/IMG_20221021_112430844-768x576.jpg 768w, https:\/\/alice.phy.hr\/wp-content\/uploads\/2022\/10\/IMG_20221021_112430844-1536x1152.jpg 1536w, https:\/\/alice.phy.hr\/wp-content\/uploads\/2022\/10\/IMG_20221021_112430844-2048x1536.jpg 2048w\" sizes=\"(max-width: 1024px) 100vw, 1024px\" \/><\/figure>\n","protected":false},"excerpt":{"rendered":"<p>Komponente za za\u0161titni ure\u0111aj od propagacije proboja naru\u010dene su iz Farnella te su pristigle u laboratorij. Komponente su testirane i funkcionalne.<\/p>\n","protected":false},"author":1,"featured_media":0,"parent":0,"menu_order":0,"comment_status":"closed","ping_status":"closed","template":"","meta":[],"_links":{"self":[{"href":"https:\/\/alice.phy.hr\/index.php\/wp-json\/wp\/v2\/pages\/425"}],"collection":[{"href":"https:\/\/alice.phy.hr\/index.php\/wp-json\/wp\/v2\/pages"}],"about":[{"href":"https:\/\/alice.phy.hr\/index.php\/wp-json\/wp\/v2\/types\/page"}],"author":[{"embeddable":true,"href":"https:\/\/alice.phy.hr\/index.php\/wp-json\/wp\/v2\/users\/1"}],"replies":[{"embeddable":true,"href":"https:\/\/alice.phy.hr\/index.php\/wp-json\/wp\/v2\/comments?post=425"}],"version-history":[{"count":2,"href":"https:\/\/alice.phy.hr\/index.php\/wp-json\/wp\/v2\/pages\/425\/revisions"}],"predecessor-version":[{"id":428,"href":"https:\/\/alice.phy.hr\/index.php\/wp-json\/wp\/v2\/pages\/425\/revisions\/428"}],"wp:attachment":[{"href":"https:\/\/alice.phy.hr\/index.php\/wp-json\/wp\/v2\/media?parent=425"}],"curies":[{"name":"wp","href":"https:\/\/api.w.org\/{rel}","templated":true}]}}