{"id":258,"date":"2021-03-30T12:44:43","date_gmt":"2021-03-30T12:44:43","guid":{"rendered":"http:\/\/alice.phy.hr\/?page_id=258"},"modified":"2021-03-31T11:43:23","modified_gmt":"2021-03-31T11:43:23","slug":"d-4-5","status":"publish","type":"page","link":"https:\/\/alice.phy.hr\/index.php\/d-4-5\/","title":{"rendered":"D4.5 Izvje\u0161\u0107e o analizi mjerenja propagacije proboja sa zaklju\u010dcima iz projektnog sastanka. Prezentacija \u0107e biti na CERN-u na RD51 sastanku."},"content":{"rendered":"\n<p>Analiza proboja s jednostrukog i vi\u0161estrukih GEMova dovela je do razrade novog teorijskog modela koji obja\u0161njavaju nastajanje propagiraju\u0107h proboja u GEMovima. Ideja je iznesena putem prezentacije na CERN-u na RD51 sastanku 22.-26.6.2020. pod naslovom <a href=\"http:\/\/alice.phy.hr\/wp-content\/uploads\/2021\/03\/RD51.pdf\">Induction of GEM to GEM discharges by using a single hole THGEM<\/a> (link na sastanak je <a href=\"https:\/\/indico.cern.ch\/event\/911950\/\">ovdje<\/a>).<\/p>\n","protected":false},"excerpt":{"rendered":"<p>Analiza proboja s jednostrukog i vi\u0161estrukih GEMova dovela je do razrade novog teorijskog modela koji obja\u0161njavaju nastajanje propagiraju\u0107h proboja u GEMovima. Ideja je iznesena putem prezentacije na CERN-u na RD51 sastanku 22.-26.6.2020. pod naslovom Induction of GEM to GEM discharges by using a single hole THGEM (link na sastanak je ovdje).<\/p>\n","protected":false},"author":1,"featured_media":0,"parent":0,"menu_order":0,"comment_status":"closed","ping_status":"closed","template":"","meta":[],"_links":{"self":[{"href":"https:\/\/alice.phy.hr\/index.php\/wp-json\/wp\/v2\/pages\/258"}],"collection":[{"href":"https:\/\/alice.phy.hr\/index.php\/wp-json\/wp\/v2\/pages"}],"about":[{"href":"https:\/\/alice.phy.hr\/index.php\/wp-json\/wp\/v2\/types\/page"}],"author":[{"embeddable":true,"href":"https:\/\/alice.phy.hr\/index.php\/wp-json\/wp\/v2\/users\/1"}],"replies":[{"embeddable":true,"href":"https:\/\/alice.phy.hr\/index.php\/wp-json\/wp\/v2\/comments?post=258"}],"version-history":[{"count":2,"href":"https:\/\/alice.phy.hr\/index.php\/wp-json\/wp\/v2\/pages\/258\/revisions"}],"predecessor-version":[{"id":374,"href":"https:\/\/alice.phy.hr\/index.php\/wp-json\/wp\/v2\/pages\/258\/revisions\/374"}],"wp:attachment":[{"href":"https:\/\/alice.phy.hr\/index.php\/wp-json\/wp\/v2\/media?parent=258"}],"curies":[{"name":"wp","href":"https:\/\/api.w.org\/{rel}","templated":true}]}}