{"id":256,"date":"2021-03-30T12:43:58","date_gmt":"2021-03-30T12:43:58","guid":{"rendered":"http:\/\/alice.phy.hr\/?page_id=256"},"modified":"2021-04-05T20:34:35","modified_gmt":"2021-04-05T20:34:35","slug":"d-4-4","status":"publish","type":"page","link":"https:\/\/alice.phy.hr\/index.php\/d-4-4\/","title":{"rendered":"D4.4 Napravljen softver za statisti\u010dku analizu snimljenih mjerenih podataka"},"content":{"rendered":"\n<p>Nakon mjerenja izboja u laboratoriju u Zagrebu (\u010dista soba) napravljena je  statisti\u010dka analiza snimljenih mjerenih podataka. Rezultati te analize objavljeni su kao grafove u \u010dlanku u NIM \u010dasopisu:<\/p>\n\n\n\n<p><a href=\"https:\/\/www.sciencedirect.com\/science\/article\/abs\/pii\/S0168900219308496\">https:\/\/www.sciencedirect.com\/science\/article\/abs\/pii\/S0168900219308496<\/a><\/p>\n\n\n\n<p>Sam softver za analizu nije javno objavljivan, no mo\u017ee se zatra\u017eiti od grupe.<\/p>\n","protected":false},"excerpt":{"rendered":"<p>Nakon mjerenja izboja u laboratoriju u Zagrebu (\u010dista soba) napravljena je statisti\u010dka analiza snimljenih mjerenih podataka. Rezultati te analize objavljeni su kao grafove u \u010dlanku u NIM \u010dasopisu: https:\/\/www.sciencedirect.com\/science\/article\/abs\/pii\/S0168900219308496 Sam softver za analizu nije javno objavljivan, no mo\u017ee se zatra\u017eiti od grupe.<\/p>\n","protected":false},"author":1,"featured_media":0,"parent":0,"menu_order":0,"comment_status":"closed","ping_status":"closed","template":"","meta":[],"_links":{"self":[{"href":"https:\/\/alice.phy.hr\/index.php\/wp-json\/wp\/v2\/pages\/256"}],"collection":[{"href":"https:\/\/alice.phy.hr\/index.php\/wp-json\/wp\/v2\/pages"}],"about":[{"href":"https:\/\/alice.phy.hr\/index.php\/wp-json\/wp\/v2\/types\/page"}],"author":[{"embeddable":true,"href":"https:\/\/alice.phy.hr\/index.php\/wp-json\/wp\/v2\/users\/1"}],"replies":[{"embeddable":true,"href":"https:\/\/alice.phy.hr\/index.php\/wp-json\/wp\/v2\/comments?post=256"}],"version-history":[{"count":3,"href":"https:\/\/alice.phy.hr\/index.php\/wp-json\/wp\/v2\/pages\/256\/revisions"}],"predecessor-version":[{"id":409,"href":"https:\/\/alice.phy.hr\/index.php\/wp-json\/wp\/v2\/pages\/256\/revisions\/409"}],"wp:attachment":[{"href":"https:\/\/alice.phy.hr\/index.php\/wp-json\/wp\/v2\/media?parent=256"}],"curies":[{"name":"wp","href":"https:\/\/api.w.org\/{rel}","templated":true}]}}