{"id":254,"date":"2021-03-30T12:43:31","date_gmt":"2021-03-30T12:43:31","guid":{"rendered":"http:\/\/alice.phy.hr\/?page_id=254"},"modified":"2021-03-31T11:44:02","modified_gmt":"2021-03-31T11:44:02","slug":"d-4-3","status":"publish","type":"page","link":"https:\/\/alice.phy.hr\/index.php\/d-4-3\/","title":{"rendered":"D4.3 Pozivno predavanje odr\u017eano"},"content":{"rendered":"\n<p>Rezultate istra\u017eivanja proboja u jednom i vi\u0161e GEMova odr\u017eali smo na vi\u0161e sastanaka grupe na CERNu, a uz to i kao predavanje na MPGD konferenciji, 5.-10.5.2019.. pod naslovom <a href=\"http:\/\/alice.phy.hr\/wp-content\/uploads\/2021\/03\/MPGD_2019.pdf\">Correlation of optical and electrical measurements of the delayed discharge propagation in GEM detectors.<\/a> Link na konferenciju je <a href=\"https:\/\/indico.cern.ch\/event\/757322\/\">ovdje<\/a>.<\/p>\n","protected":false},"excerpt":{"rendered":"<p>Rezultate istra\u017eivanja proboja u jednom i vi\u0161e GEMova odr\u017eali smo na vi\u0161e sastanaka grupe na CERNu, a uz to i kao predavanje na MPGD konferenciji, 5.-10.5.2019.. pod naslovom Correlation of optical and electrical measurements of the delayed discharge propagation in GEM detectors. Link na konferenciju je ovdje.<\/p>\n","protected":false},"author":1,"featured_media":0,"parent":0,"menu_order":0,"comment_status":"closed","ping_status":"closed","template":"","meta":[],"_links":{"self":[{"href":"https:\/\/alice.phy.hr\/index.php\/wp-json\/wp\/v2\/pages\/254"}],"collection":[{"href":"https:\/\/alice.phy.hr\/index.php\/wp-json\/wp\/v2\/pages"}],"about":[{"href":"https:\/\/alice.phy.hr\/index.php\/wp-json\/wp\/v2\/types\/page"}],"author":[{"embeddable":true,"href":"https:\/\/alice.phy.hr\/index.php\/wp-json\/wp\/v2\/users\/1"}],"replies":[{"embeddable":true,"href":"https:\/\/alice.phy.hr\/index.php\/wp-json\/wp\/v2\/comments?post=254"}],"version-history":[{"count":8,"href":"https:\/\/alice.phy.hr\/index.php\/wp-json\/wp\/v2\/pages\/254\/revisions"}],"predecessor-version":[{"id":375,"href":"https:\/\/alice.phy.hr\/index.php\/wp-json\/wp\/v2\/pages\/254\/revisions\/375"}],"wp:attachment":[{"href":"https:\/\/alice.phy.hr\/index.php\/wp-json\/wp\/v2\/media?parent=254"}],"curies":[{"name":"wp","href":"https:\/\/api.w.org\/{rel}","templated":true}]}}