{"id":250,"date":"2021-03-30T12:42:24","date_gmt":"2021-03-30T12:42:24","guid":{"rendered":"http:\/\/alice.phy.hr\/?page_id=250"},"modified":"2021-03-31T11:05:33","modified_gmt":"2021-03-31T11:05:33","slug":"d-4-1","status":"publish","type":"page","link":"https:\/\/alice.phy.hr\/index.php\/d-4-1\/","title":{"rendered":"D4.1 Snimljena mjerenja propagacije proboja za jednostruki GEM detektor"},"content":{"rendered":"\n<p>U Zagrebu je napravljen postav za mjerenja proboja s jednostrukog i vi\u0161estrukih GEM detektora. <\/p>\n\n\n\n<figure class=\"wp-block-image\"><img decoding=\"async\" loading=\"lazy\" width=\"682\" height=\"534\" src=\"http:\/\/alice.phy.hr\/wp-content\/uploads\/2021\/03\/Ch1.png\" alt=\"\" class=\"wp-image-326\" srcset=\"https:\/\/alice.phy.hr\/wp-content\/uploads\/2021\/03\/Ch1.png 682w, https:\/\/alice.phy.hr\/wp-content\/uploads\/2021\/03\/Ch1-300x235.png 300w\" sizes=\"(max-width: 682px) 100vw, 682px\" \/><figcaption>Pripremljena komora za mjerenja izboja<\/figcaption><\/figure>\n\n\n\n<figure class=\"wp-block-image\"><img decoding=\"async\" loading=\"lazy\" width=\"920\" height=\"666\" src=\"http:\/\/alice.phy.hr\/wp-content\/uploads\/2021\/03\/Ch5.png\" alt=\"\" class=\"wp-image-329\" srcset=\"https:\/\/alice.phy.hr\/wp-content\/uploads\/2021\/03\/Ch5.png 920w, https:\/\/alice.phy.hr\/wp-content\/uploads\/2021\/03\/Ch5-300x217.png 300w, https:\/\/alice.phy.hr\/wp-content\/uploads\/2021\/03\/Ch5-768x556.png 768w\" sizes=\"(max-width: 920px) 100vw, 920px\" \/><figcaption>Postav za mjerenja s komorom, instrumentima za i\u0161\u010ditavanje i ultrabrzom kamerom<\/figcaption><\/figure>\n\n\n\n<figure class=\"wp-block-image\"><img decoding=\"async\" loading=\"lazy\" width=\"1024\" height=\"803\" src=\"http:\/\/alice.phy.hr\/wp-content\/uploads\/2021\/03\/Ch7-1024x803.png\" alt=\"\" class=\"wp-image-332\" srcset=\"https:\/\/alice.phy.hr\/wp-content\/uploads\/2021\/03\/Ch7-1024x803.png 1024w, https:\/\/alice.phy.hr\/wp-content\/uploads\/2021\/03\/Ch7-300x235.png 300w, https:\/\/alice.phy.hr\/wp-content\/uploads\/2021\/03\/Ch7-768x602.png 768w, https:\/\/alice.phy.hr\/wp-content\/uploads\/2021\/03\/Ch7.png 1058w\" sizes=\"(max-width: 1024px) 100vw, 1024px\" \/><figcaption>Primjer mjerenja izboja s jednostruke folije<\/figcaption><\/figure>\n\n\n\n<ul class=\"is-layout-flex wp-block-gallery-1 wp-block-gallery columns-3 is-cropped\"><li class=\"blocks-gallery-item\"><figure><img decoding=\"async\" loading=\"lazy\" width=\"682\" height=\"534\" src=\"http:\/\/alice.phy.hr\/wp-content\/uploads\/2021\/03\/Ch1-1.png\" alt=\"\" data-id=\"334\" data-link=\"http:\/\/alice.phy.hr\/index.php\/d4-1-snimljena-mjerenja-propagacije-proboja-za-jednostruki-gem-detektor\/ch1-2\/#main\" class=\"wp-image-334\" srcset=\"https:\/\/alice.phy.hr\/wp-content\/uploads\/2021\/03\/Ch1-1.png 682w, https:\/\/alice.phy.hr\/wp-content\/uploads\/2021\/03\/Ch1-1-300x235.png 300w\" sizes=\"(max-width: 682px) 100vw, 682px\" \/><\/figure><\/li><li class=\"blocks-gallery-item\"><figure><img decoding=\"async\" loading=\"lazy\" width=\"1024\" height=\"336\" src=\"http:\/\/alice.phy.hr\/wp-content\/uploads\/2021\/03\/Ch2-1024x336.png\" alt=\"\" data-id=\"335\" data-link=\"http:\/\/alice.phy.hr\/index.php\/d4-1-snimljena-mjerenja-propagacije-proboja-za-jednostruki-gem-detektor\/ch2\/#main\" class=\"wp-image-335\" srcset=\"https:\/\/alice.phy.hr\/wp-content\/uploads\/2021\/03\/Ch2-1024x336.png 1024w, https:\/\/alice.phy.hr\/wp-content\/uploads\/2021\/03\/Ch2-300x98.png 300w, https:\/\/alice.phy.hr\/wp-content\/uploads\/2021\/03\/Ch2-768x252.png 768w, https:\/\/alice.phy.hr\/wp-content\/uploads\/2021\/03\/Ch2.png 1330w\" sizes=\"(max-width: 1024px) 100vw, 1024px\" \/><\/figure><\/li><li class=\"blocks-gallery-item\"><figure><img decoding=\"async\" loading=\"lazy\" width=\"1003\" height=\"1024\" src=\"http:\/\/alice.phy.hr\/wp-content\/uploads\/2021\/03\/Ch3-1003x1024.png\" alt=\"\" data-id=\"336\" data-link=\"http:\/\/alice.phy.hr\/index.php\/d4-1-snimljena-mjerenja-propagacije-proboja-za-jednostruki-gem-detektor\/ch3\/#main\" class=\"wp-image-336\" srcset=\"https:\/\/alice.phy.hr\/wp-content\/uploads\/2021\/03\/Ch3-1003x1024.png 1003w, https:\/\/alice.phy.hr\/wp-content\/uploads\/2021\/03\/Ch3-294x300.png 294w, https:\/\/alice.phy.hr\/wp-content\/uploads\/2021\/03\/Ch3-768x784.png 768w, https:\/\/alice.phy.hr\/wp-content\/uploads\/2021\/03\/Ch3.png 1050w\" sizes=\"(max-width: 1003px) 100vw, 1003px\" \/><\/figure><\/li><li class=\"blocks-gallery-item\"><figure><img decoding=\"async\" loading=\"lazy\" width=\"1024\" height=\"551\" src=\"http:\/\/alice.phy.hr\/wp-content\/uploads\/2021\/03\/Ch4-1024x551.png\" alt=\"\" data-id=\"337\" data-link=\"http:\/\/alice.phy.hr\/index.php\/d4-1-snimljena-mjerenja-propagacije-proboja-za-jednostruki-gem-detektor\/ch4\/#main\" class=\"wp-image-337\" srcset=\"https:\/\/alice.phy.hr\/wp-content\/uploads\/2021\/03\/Ch4-1024x551.png 1024w, https:\/\/alice.phy.hr\/wp-content\/uploads\/2021\/03\/Ch4-300x161.png 300w, https:\/\/alice.phy.hr\/wp-content\/uploads\/2021\/03\/Ch4-768x413.png 768w, https:\/\/alice.phy.hr\/wp-content\/uploads\/2021\/03\/Ch4.png 1364w\" sizes=\"(max-width: 1024px) 100vw, 1024px\" \/><\/figure><\/li><li class=\"blocks-gallery-item\"><figure><img decoding=\"async\" loading=\"lazy\" width=\"920\" height=\"666\" src=\"http:\/\/alice.phy.hr\/wp-content\/uploads\/2021\/03\/Ch5-1.png\" alt=\"\" data-id=\"338\" data-link=\"http:\/\/alice.phy.hr\/index.php\/d4-1-snimljena-mjerenja-propagacije-proboja-za-jednostruki-gem-detektor\/ch5-2\/#main\" class=\"wp-image-338\" srcset=\"https:\/\/alice.phy.hr\/wp-content\/uploads\/2021\/03\/Ch5-1.png 920w, https:\/\/alice.phy.hr\/wp-content\/uploads\/2021\/03\/Ch5-1-300x217.png 300w, https:\/\/alice.phy.hr\/wp-content\/uploads\/2021\/03\/Ch5-1-768x556.png 768w\" sizes=\"(max-width: 920px) 100vw, 920px\" \/><\/figure><\/li><li class=\"blocks-gallery-item\"><figure><img decoding=\"async\" loading=\"lazy\" width=\"1024\" height=\"803\" src=\"http:\/\/alice.phy.hr\/wp-content\/uploads\/2021\/03\/Ch7-1-1024x803.png\" alt=\"\" data-id=\"339\" data-link=\"http:\/\/alice.phy.hr\/index.php\/d4-1-snimljena-mjerenja-propagacije-proboja-za-jednostruki-gem-detektor\/ch7-2\/#main\" class=\"wp-image-339\" srcset=\"https:\/\/alice.phy.hr\/wp-content\/uploads\/2021\/03\/Ch7-1-1024x803.png 1024w, https:\/\/alice.phy.hr\/wp-content\/uploads\/2021\/03\/Ch7-1-300x235.png 300w, https:\/\/alice.phy.hr\/wp-content\/uploads\/2021\/03\/Ch7-1-768x602.png 768w, https:\/\/alice.phy.hr\/wp-content\/uploads\/2021\/03\/Ch7-1.png 1058w\" sizes=\"(max-width: 1024px) 100vw, 1024px\" \/><\/figure><\/li><li class=\"blocks-gallery-item\"><figure><img decoding=\"async\" loading=\"lazy\" width=\"1024\" height=\"790\" src=\"http:\/\/alice.phy.hr\/wp-content\/uploads\/2021\/03\/Ch8-1024x790.png\" alt=\"\" data-id=\"340\" data-link=\"http:\/\/alice.phy.hr\/index.php\/d4-1-snimljena-mjerenja-propagacije-proboja-za-jednostruki-gem-detektor\/ch8\/#main\" class=\"wp-image-340\" srcset=\"https:\/\/alice.phy.hr\/wp-content\/uploads\/2021\/03\/Ch8-1024x790.png 1024w, https:\/\/alice.phy.hr\/wp-content\/uploads\/2021\/03\/Ch8-300x232.png 300w, https:\/\/alice.phy.hr\/wp-content\/uploads\/2021\/03\/Ch8-768x593.png 768w, https:\/\/alice.phy.hr\/wp-content\/uploads\/2021\/03\/Ch8.png 1078w\" sizes=\"(max-width: 1024px) 100vw, 1024px\" \/><\/figure><\/li><li class=\"blocks-gallery-item\"><figure><img decoding=\"async\" loading=\"lazy\" width=\"984\" height=\"638\" src=\"http:\/\/alice.phy.hr\/wp-content\/uploads\/2021\/03\/Ch9.png\" alt=\"\" data-id=\"342\" data-link=\"http:\/\/alice.phy.hr\/index.php\/d4-1-snimljena-mjerenja-propagacije-proboja-za-jednostruki-gem-detektor\/ch9\/#main\" class=\"wp-image-342\" srcset=\"https:\/\/alice.phy.hr\/wp-content\/uploads\/2021\/03\/Ch9.png 984w, https:\/\/alice.phy.hr\/wp-content\/uploads\/2021\/03\/Ch9-300x195.png 300w, https:\/\/alice.phy.hr\/wp-content\/uploads\/2021\/03\/Ch9-768x498.png 768w\" sizes=\"(max-width: 984px) 100vw, 984px\" \/><\/figure><\/li><\/ul>\n\n\n\n<p>U galeriji se mo\u017ee na\u0107i jo\u0161 slika postava i mjerenja. Detaljni opisi istih dani su u \u010dlanku objavljenom u NIM \u010dasopisu, kao i u prezentacijama RD51 kolaboraciji i sastancima (sve dostupno na ovom webu).<\/p>\n","protected":false},"excerpt":{"rendered":"<p>U Zagrebu je napravljen postav za mjerenja proboja s jednostrukog i vi\u0161estrukih GEM detektora. U galeriji se mo\u017ee na\u0107i jo\u0161 slika postava i mjerenja. Detaljni opisi istih dani su u \u010dlanku objavljenom u NIM \u010dasopisu, kao i u prezentacijama RD51 kolaboraciji i sastancima (sve dostupno na ovom webu).<\/p>\n","protected":false},"author":1,"featured_media":0,"parent":0,"menu_order":0,"comment_status":"closed","ping_status":"closed","template":"","meta":[],"_links":{"self":[{"href":"https:\/\/alice.phy.hr\/index.php\/wp-json\/wp\/v2\/pages\/250"}],"collection":[{"href":"https:\/\/alice.phy.hr\/index.php\/wp-json\/wp\/v2\/pages"}],"about":[{"href":"https:\/\/alice.phy.hr\/index.php\/wp-json\/wp\/v2\/types\/page"}],"author":[{"embeddable":true,"href":"https:\/\/alice.phy.hr\/index.php\/wp-json\/wp\/v2\/users\/1"}],"replies":[{"embeddable":true,"href":"https:\/\/alice.phy.hr\/index.php\/wp-json\/wp\/v2\/comments?post=250"}],"version-history":[{"count":8,"href":"https:\/\/alice.phy.hr\/index.php\/wp-json\/wp\/v2\/pages\/250\/revisions"}],"predecessor-version":[{"id":344,"href":"https:\/\/alice.phy.hr\/index.php\/wp-json\/wp\/v2\/pages\/250\/revisions\/344"}],"wp:attachment":[{"href":"https:\/\/alice.phy.hr\/index.php\/wp-json\/wp\/v2\/media?parent=250"}],"curies":[{"name":"wp","href":"https:\/\/api.w.org\/{rel}","templated":true}]}}