{"id":248,"date":"2021-03-30T12:41:53","date_gmt":"2021-03-30T12:41:53","guid":{"rendered":"http:\/\/alice.phy.hr\/?page_id=248"},"modified":"2021-03-31T11:05:51","modified_gmt":"2021-03-31T11:05:51","slug":"d-3-5","status":"publish","type":"page","link":"https:\/\/alice.phy.hr\/index.php\/d-3-5\/","title":{"rendered":"D3.5 Razvijen softver za automatizirano mjerenje propagacije izboja"},"content":{"rendered":"\n<p>U laboratoriju u Zagrebu (\u010dista soba) napravljen je postav za mjerenje izboja na GEM detektorima, koji uklju\u010duje mjerenja izboja na jednom GEM kao i na vi\u0161e GEMova. Opis cjelokupnog postava s pripadaju\u0107im softverom nalazi se u objavljenom \u010dlanku u NIM \u010dasopisu:<br><br><a href=\"https:\/\/www.sciencedirect.com\/science\/article\/abs\/pii\/S0168900219308496\">https:\/\/www.sciencedirect.com\/science\/article\/abs\/pii\/S0168900219308496<\/a><\/p>\n\n\n\n<p>Softver za automatizirana mjerenja nije javno objavljivan, no mo\u017ee se zatra\u017eiti pristup softveru od grupe.<\/p>\n","protected":false},"excerpt":{"rendered":"<p>U laboratoriju u Zagrebu (\u010dista soba) napravljen je postav za mjerenje izboja na GEM detektorima, koji uklju\u010duje mjerenja izboja na jednom GEM kao i na vi\u0161e GEMova. Opis cjelokupnog postava s pripadaju\u0107im softverom nalazi se u objavljenom \u010dlanku u NIM \u010dasopisu: https:\/\/www.sciencedirect.com\/science\/article\/abs\/pii\/S0168900219308496 Softver za automatizirana mjerenja nije javno objavljivan, no mo\u017ee se zatra\u017eiti pristup softveru &#8230; <a title=\"D3.5 Razvijen softver za automatizirano mjerenje propagacije izboja\" class=\"read-more\" href=\"https:\/\/alice.phy.hr\/index.php\/d-3-5\/\">Read more<span class=\"screen-reader-text\">D3.5 Razvijen softver za automatizirano mjerenje propagacije izboja<\/span><\/a><\/p>\n","protected":false},"author":1,"featured_media":0,"parent":0,"menu_order":0,"comment_status":"closed","ping_status":"closed","template":"","meta":[],"_links":{"self":[{"href":"https:\/\/alice.phy.hr\/index.php\/wp-json\/wp\/v2\/pages\/248"}],"collection":[{"href":"https:\/\/alice.phy.hr\/index.php\/wp-json\/wp\/v2\/pages"}],"about":[{"href":"https:\/\/alice.phy.hr\/index.php\/wp-json\/wp\/v2\/types\/page"}],"author":[{"embeddable":true,"href":"https:\/\/alice.phy.hr\/index.php\/wp-json\/wp\/v2\/users\/1"}],"replies":[{"embeddable":true,"href":"https:\/\/alice.phy.hr\/index.php\/wp-json\/wp\/v2\/comments?post=248"}],"version-history":[{"count":4,"href":"https:\/\/alice.phy.hr\/index.php\/wp-json\/wp\/v2\/pages\/248\/revisions"}],"predecessor-version":[{"id":323,"href":"https:\/\/alice.phy.hr\/index.php\/wp-json\/wp\/v2\/pages\/248\/revisions\/323"}],"wp:attachment":[{"href":"https:\/\/alice.phy.hr\/index.php\/wp-json\/wp\/v2\/media?parent=248"}],"curies":[{"name":"wp","href":"https:\/\/api.w.org\/{rel}","templated":true}]}}