{"id":242,"date":"2021-03-30T12:40:08","date_gmt":"2021-03-30T12:40:08","guid":{"rendered":"http:\/\/alice.phy.hr\/?page_id=242"},"modified":"2021-03-31T12:21:35","modified_gmt":"2021-03-31T12:21:35","slug":"d-2-2","status":"publish","type":"page","link":"https:\/\/alice.phy.hr\/index.php\/d-2-2\/","title":{"rendered":"D2.2 Preliminarni novi rezultati su prezentirani interno u ALICE PWG (fizikalna radna grupa)"},"content":{"rendered":"\n<p>U opisnom izvje\u0161\u0107u za prethodno razdoblje naveli smo novi smjer istra\u017eivanja vezan za ridge analizu i strojno u\u010denje: <br><br>Primarni cilj projekta je studiranje dugodose\u017ene &#8220;Ridge&#8221; strukture u dvo\u010desti\u010dnim kutnim korelacijama. Glavna prepreka koja ote\u017eava to istra\u017eivanje je visoka pozadina koja poti\u010de od snopova \u010destica u kojima su \u010destice jako korelirane ali nisu dio ridge korelacije. U svrhu razumijevanja i eventualnog uklanjanja te pozadine od snopova, usredoto\u010dili smo se na istra\u017eivanje naravi i porijekla samih snopova. Originalno se to uklanjanje namjeravalo vr\u0161iti kori\u0161tenjem varijable transverzalnog sfericiteta, ali autokorelacije izme\u0111u transversalnog sfericiteta (varijabla koja ovisi o obliku doga\u0111aja) i dvo\u010desti\u010dne kutne korelacijske funkcije (koja tako\u0111er ima ovisnost o obliku doga\u0111aja) onemogu\u0107uju nezavisna mjerenja. Stoga smo krenuli s implementacijom nove obe\u010davaju\u0107e metode za detekciju i izoliranje tih snopova koriste\u0107i neuralne mre\u017ee i strojno u\u010denje. Ove bi metode zamijenile prija\u0161nji postupak s transverzalnim sfericitetom i pomo\u0107u njih bi se izbjegle autokorelacije jer ne ovise o obliku doga\u0111aja. <\/p>\n\n\n\n<p>Prvi preliminarni rezultati predlo\u017eene metode uspje\u0161no su prezentirani na ALICE PWG-JE grupi na CERNu. Prezentacija se mo\u017ee na\u0107i <a href=\"http:\/\/alice.phy.hr\/wp-content\/uploads\/2021\/03\/PWGJE_meeting.pdf\">ovdje<\/a>.<\/p>\n","protected":false},"excerpt":{"rendered":"<p>U opisnom izvje\u0161\u0107u za prethodno razdoblje naveli smo novi smjer istra\u017eivanja vezan za ridge analizu i strojno u\u010denje: Primarni cilj projekta je studiranje dugodose\u017ene &#8220;Ridge&#8221; strukture u dvo\u010desti\u010dnim kutnim korelacijama. Glavna prepreka koja ote\u017eava to istra\u017eivanje je visoka pozadina koja poti\u010de od snopova \u010destica u kojima su \u010destice jako korelirane ali nisu dio ridge korelacije. &#8230; <a title=\"D2.2 Preliminarni novi rezultati su prezentirani interno u ALICE PWG (fizikalna radna grupa)\" class=\"read-more\" href=\"https:\/\/alice.phy.hr\/index.php\/d-2-2\/\">Read more<span class=\"screen-reader-text\">D2.2 Preliminarni novi rezultati su prezentirani interno u ALICE PWG (fizikalna radna grupa)<\/span><\/a><\/p>\n","protected":false},"author":1,"featured_media":0,"parent":0,"menu_order":0,"comment_status":"closed","ping_status":"closed","template":"","meta":[],"_links":{"self":[{"href":"https:\/\/alice.phy.hr\/index.php\/wp-json\/wp\/v2\/pages\/242"}],"collection":[{"href":"https:\/\/alice.phy.hr\/index.php\/wp-json\/wp\/v2\/pages"}],"about":[{"href":"https:\/\/alice.phy.hr\/index.php\/wp-json\/wp\/v2\/types\/page"}],"author":[{"embeddable":true,"href":"https:\/\/alice.phy.hr\/index.php\/wp-json\/wp\/v2\/users\/1"}],"replies":[{"embeddable":true,"href":"https:\/\/alice.phy.hr\/index.php\/wp-json\/wp\/v2\/comments?post=242"}],"version-history":[{"count":3,"href":"https:\/\/alice.phy.hr\/index.php\/wp-json\/wp\/v2\/pages\/242\/revisions"}],"predecessor-version":[{"id":390,"href":"https:\/\/alice.phy.hr\/index.php\/wp-json\/wp\/v2\/pages\/242\/revisions\/390"}],"wp:attachment":[{"href":"https:\/\/alice.phy.hr\/index.php\/wp-json\/wp\/v2\/media?parent=242"}],"curies":[{"name":"wp","href":"https:\/\/api.w.org\/{rel}","templated":true}]}}