{"id":238,"date":"2021-03-30T12:51:54","date_gmt":"2021-03-30T12:51:54","guid":{"rendered":"http:\/\/alice.phy.hr\/?page_id=238"},"modified":"2021-03-31T11:48:33","modified_gmt":"2021-03-31T11:48:33","slug":"d-1-9","status":"publish","type":"page","link":"https:\/\/alice.phy.hr\/index.php\/d-1-9\/","title":{"rendered":"D1.9 Odobrenje rezultata interno u ALICE kolaboraciji, prezentacija na Physics Forumu ili Alice week"},"content":{"rendered":"\n<p>Rezultati analize odobreni su interno u ALICE kolaboraciji nakon prezentacije na Physics forumu. <a href=\"https:\/\/alice-figure.web.cern.ch\/simulation_fig?title=sphericity&amp;field_fig_id_number_value=&amp;field_fig_contact_person_value=&amp;field_fig_reference_title=&amp;field_fig_caption_value=&amp;field_fig_pag_status_value%5B%5D=new&amp;field_fig_pag_status_value%5B%5D=convAccepted\">Ovdje<\/a> se nalazi link na repozitorij odobrenih slika. Link je za\u0161ti\u0107en i vide ga samo osobe s CERN ra\u010dunom, no kao dokaz stavljamo screenshot s naslovne stranice odobrenih slika.<\/p>\n\n\n\n<figure class=\"wp-block-image\"><img decoding=\"async\" loading=\"lazy\" width=\"1024\" height=\"601\" src=\"http:\/\/alice.phy.hr\/wp-content\/uploads\/2021\/03\/Slike-1024x601.png\" alt=\"\" class=\"wp-image-377\" srcset=\"https:\/\/alice.phy.hr\/wp-content\/uploads\/2021\/03\/Slike-1024x601.png 1024w, https:\/\/alice.phy.hr\/wp-content\/uploads\/2021\/03\/Slike-300x176.png 300w, https:\/\/alice.phy.hr\/wp-content\/uploads\/2021\/03\/Slike-768x450.png 768w\" sizes=\"(max-width: 1024px) 100vw, 1024px\" \/><\/figure>\n","protected":false},"excerpt":{"rendered":"<p>Rezultati analize odobreni su interno u ALICE kolaboraciji nakon prezentacije na Physics forumu. Ovdje se nalazi link na repozitorij odobrenih slika. Link je za\u0161ti\u0107en i vide ga samo osobe s CERN ra\u010dunom, no kao dokaz stavljamo screenshot s naslovne stranice odobrenih slika.<\/p>\n","protected":false},"author":1,"featured_media":0,"parent":0,"menu_order":0,"comment_status":"closed","ping_status":"closed","template":"","meta":[],"_links":{"self":[{"href":"https:\/\/alice.phy.hr\/index.php\/wp-json\/wp\/v2\/pages\/238"}],"collection":[{"href":"https:\/\/alice.phy.hr\/index.php\/wp-json\/wp\/v2\/pages"}],"about":[{"href":"https:\/\/alice.phy.hr\/index.php\/wp-json\/wp\/v2\/types\/page"}],"author":[{"embeddable":true,"href":"https:\/\/alice.phy.hr\/index.php\/wp-json\/wp\/v2\/users\/1"}],"replies":[{"embeddable":true,"href":"https:\/\/alice.phy.hr\/index.php\/wp-json\/wp\/v2\/comments?post=238"}],"version-history":[{"count":2,"href":"https:\/\/alice.phy.hr\/index.php\/wp-json\/wp\/v2\/pages\/238\/revisions"}],"predecessor-version":[{"id":378,"href":"https:\/\/alice.phy.hr\/index.php\/wp-json\/wp\/v2\/pages\/238\/revisions\/378"}],"wp:attachment":[{"href":"https:\/\/alice.phy.hr\/index.php\/wp-json\/wp\/v2\/media?parent=238"}],"curies":[{"name":"wp","href":"https:\/\/api.w.org\/{rel}","templated":true}]}}