{"id":236,"date":"2021-03-30T12:32:24","date_gmt":"2021-03-30T12:32:24","guid":{"rendered":"http:\/\/alice.phy.hr\/?page_id=236"},"modified":"2021-03-31T10:34:23","modified_gmt":"2021-03-31T10:34:23","slug":"d-1-8","status":"publish","type":"page","link":"https:\/\/alice.phy.hr\/index.php\/d-1-8\/","title":{"rendered":"D1.8 Dvo\u010desti\u010dne korelacije u pp doga\u0111ajima izmjerene s implementiranim rezom oblika doga\u0111aja, usporedba simulacija i podataka"},"content":{"rendered":"\n<p>Prilo\u017eeni su rezultati projekcija korelacijskih funkcija u razlicitim rasponima transverzalnog sfericiteta za simulacije i za prave podatke. Tako\u0111er se prikazuju rezultati u dvije kategorije s razlicitim brojem \u010destica (multipliciteta); svi doga\u0111aji (takozvani Minimum Bias) i doga\u0111aji koji sadr\u017ee najve\u010di broj \u010destica.<\/p>\n\n\n\n<h2>Podatci:<\/h2>\n\n\n\n<h3>Svi doga\u0111aji:<\/h3>\n\n\n\n<ul class=\"is-layout-flex wp-block-gallery-1 wp-block-gallery columns-3 is-cropped\"><li class=\"blocks-gallery-item\"><figure><img decoding=\"async\" loading=\"lazy\" width=\"1024\" height=\"738\" src=\"http:\/\/alice.phy.hr\/wp-content\/uploads\/2021\/03\/eta_out-1-1024x738.png\" alt=\"\" data-id=\"313\" data-link=\"http:\/\/alice.phy.hr\/index.php\/d1-8-dvocesticne-korelacije-u-pp-dogadajima-izmjerene-s-implementiranim-rezom-oblika-dogadaja-usporedba-simulacija-i-podataka\/eta_out-2\/#main\" class=\"wp-image-313\" srcset=\"https:\/\/alice.phy.hr\/wp-content\/uploads\/2021\/03\/eta_out-1-1024x738.png 1024w, https:\/\/alice.phy.hr\/wp-content\/uploads\/2021\/03\/eta_out-1-300x216.png 300w, https:\/\/alice.phy.hr\/wp-content\/uploads\/2021\/03\/eta_out-1-768x554.png 768w\" sizes=\"(max-width: 1024px) 100vw, 1024px\" \/><\/figure><\/li><li class=\"blocks-gallery-item\"><figure><img decoding=\"async\" loading=\"lazy\" width=\"1024\" height=\"738\" src=\"http:\/\/alice.phy.hr\/wp-content\/uploads\/2021\/03\/phi_in-1-1024x738.png\" alt=\"\" data-id=\"314\" data-link=\"http:\/\/alice.phy.hr\/index.php\/d1-8-dvocesticne-korelacije-u-pp-dogadajima-izmjerene-s-implementiranim-rezom-oblika-dogadaja-usporedba-simulacija-i-podataka\/phi_in-2\/#main\" class=\"wp-image-314\" srcset=\"https:\/\/alice.phy.hr\/wp-content\/uploads\/2021\/03\/phi_in-1-1024x738.png 1024w, https:\/\/alice.phy.hr\/wp-content\/uploads\/2021\/03\/phi_in-1-300x216.png 300w, https:\/\/alice.phy.hr\/wp-content\/uploads\/2021\/03\/phi_in-1-768x554.png 768w\" sizes=\"(max-width: 1024px) 100vw, 1024px\" \/><\/figure><\/li><li class=\"blocks-gallery-item\"><figure><img decoding=\"async\" loading=\"lazy\" width=\"1024\" height=\"738\" src=\"http:\/\/alice.phy.hr\/wp-content\/uploads\/2021\/03\/eta_all-1-1024x738.png\" alt=\"\" data-id=\"315\" data-link=\"http:\/\/alice.phy.hr\/index.php\/d1-8-dvocesticne-korelacije-u-pp-dogadajima-izmjerene-s-implementiranim-rezom-oblika-dogadaja-usporedba-simulacija-i-podataka\/eta_all-2\/#main\" class=\"wp-image-315\" srcset=\"https:\/\/alice.phy.hr\/wp-content\/uploads\/2021\/03\/eta_all-1-1024x738.png 1024w, https:\/\/alice.phy.hr\/wp-content\/uploads\/2021\/03\/eta_all-1-300x216.png 300w, https:\/\/alice.phy.hr\/wp-content\/uploads\/2021\/03\/eta_all-1-768x554.png 768w\" sizes=\"(max-width: 1024px) 100vw, 1024px\" \/><\/figure><\/li><li class=\"blocks-gallery-item\"><figure><img decoding=\"async\" loading=\"lazy\" width=\"1024\" height=\"738\" src=\"http:\/\/alice.phy.hr\/wp-content\/uploads\/2021\/03\/eta_in-1-1024x738.png\" alt=\"\" data-id=\"316\" data-link=\"http:\/\/alice.phy.hr\/index.php\/d1-8-dvocesticne-korelacije-u-pp-dogadajima-izmjerene-s-implementiranim-rezom-oblika-dogadaja-usporedba-simulacija-i-podataka\/eta_in-2\/#main\" class=\"wp-image-316\" srcset=\"https:\/\/alice.phy.hr\/wp-content\/uploads\/2021\/03\/eta_in-1-1024x738.png 1024w, https:\/\/alice.phy.hr\/wp-content\/uploads\/2021\/03\/eta_in-1-300x216.png 300w, https:\/\/alice.phy.hr\/wp-content\/uploads\/2021\/03\/eta_in-1-768x554.png 768w\" sizes=\"(max-width: 1024px) 100vw, 1024px\" \/><\/figure><\/li><li class=\"blocks-gallery-item\"><figure><img decoding=\"async\" loading=\"lazy\" width=\"1024\" height=\"738\" src=\"http:\/\/alice.phy.hr\/wp-content\/uploads\/2021\/03\/eta_in-out-1-1024x738.png\" alt=\"\" data-id=\"317\" data-link=\"http:\/\/alice.phy.hr\/index.php\/d1-8-dvocesticne-korelacije-u-pp-dogadajima-izmjerene-s-implementiranim-rezom-oblika-dogadaja-usporedba-simulacija-i-podataka\/eta_in-out-2\/#main\" class=\"wp-image-317\" srcset=\"https:\/\/alice.phy.hr\/wp-content\/uploads\/2021\/03\/eta_in-out-1-1024x738.png 1024w, https:\/\/alice.phy.hr\/wp-content\/uploads\/2021\/03\/eta_in-out-1-300x216.png 300w, https:\/\/alice.phy.hr\/wp-content\/uploads\/2021\/03\/eta_in-out-1-768x554.png 768w\" sizes=\"(max-width: 1024px) 100vw, 1024px\" \/><\/figure><\/li><\/ul>\n\n\n\n<h3>Doga\u0111aji s najve\u0107im multiplicitetom:<\/h3>\n\n\n\n<ul class=\"is-layout-flex wp-block-gallery-3 wp-block-gallery columns-3 is-cropped\"><li class=\"blocks-gallery-item\"><figure><img decoding=\"async\" loading=\"lazy\" width=\"738\" height=\"425\" src=\"http:\/\/alice.phy.hr\/wp-content\/uploads\/2021\/03\/1.png\" alt=\"\" data-id=\"301\" data-link=\"http:\/\/alice.phy.hr\/index.php\/d1-8-dvocesticne-korelacije-u-pp-dogadajima-izmjerene-s-implementiranim-rezom-oblika-dogadaja-usporedba-simulacija-i-podataka\/attachment\/1\/#main\" class=\"wp-image-301\" srcset=\"https:\/\/alice.phy.hr\/wp-content\/uploads\/2021\/03\/1.png 738w, https:\/\/alice.phy.hr\/wp-content\/uploads\/2021\/03\/1-300x173.png 300w\" sizes=\"(max-width: 738px) 100vw, 738px\" \/><\/figure><\/li><li class=\"blocks-gallery-item\"><figure><img decoding=\"async\" loading=\"lazy\" width=\"738\" height=\"425\" src=\"http:\/\/alice.phy.hr\/wp-content\/uploads\/2021\/03\/2.png\" alt=\"\" data-id=\"302\" data-link=\"http:\/\/alice.phy.hr\/index.php\/d1-8-dvocesticne-korelacije-u-pp-dogadajima-izmjerene-s-implementiranim-rezom-oblika-dogadaja-usporedba-simulacija-i-podataka\/attachment\/2\/#main\" class=\"wp-image-302\" srcset=\"https:\/\/alice.phy.hr\/wp-content\/uploads\/2021\/03\/2.png 738w, https:\/\/alice.phy.hr\/wp-content\/uploads\/2021\/03\/2-300x173.png 300w\" sizes=\"(max-width: 738px) 100vw, 738px\" \/><\/figure><\/li><li class=\"blocks-gallery-item\"><figure><img decoding=\"async\" loading=\"lazy\" width=\"738\" height=\"425\" src=\"http:\/\/alice.phy.hr\/wp-content\/uploads\/2021\/03\/3.png\" alt=\"\" data-id=\"303\" data-link=\"http:\/\/alice.phy.hr\/index.php\/d1-8-dvocesticne-korelacije-u-pp-dogadajima-izmjerene-s-implementiranim-rezom-oblika-dogadaja-usporedba-simulacija-i-podataka\/attachment\/3\/#main\" class=\"wp-image-303\" srcset=\"https:\/\/alice.phy.hr\/wp-content\/uploads\/2021\/03\/3.png 738w, https:\/\/alice.phy.hr\/wp-content\/uploads\/2021\/03\/3-300x173.png 300w\" sizes=\"(max-width: 738px) 100vw, 738px\" \/><\/figure><\/li><li class=\"blocks-gallery-item\"><figure><img decoding=\"async\" loading=\"lazy\" width=\"738\" height=\"425\" src=\"http:\/\/alice.phy.hr\/wp-content\/uploads\/2021\/03\/4.png\" alt=\"\" data-id=\"304\" data-link=\"http:\/\/alice.phy.hr\/index.php\/d1-8-dvocesticne-korelacije-u-pp-dogadajima-izmjerene-s-implementiranim-rezom-oblika-dogadaja-usporedba-simulacija-i-podataka\/attachment\/4\/#main\" class=\"wp-image-304\" srcset=\"https:\/\/alice.phy.hr\/wp-content\/uploads\/2021\/03\/4.png 738w, https:\/\/alice.phy.hr\/wp-content\/uploads\/2021\/03\/4-300x173.png 300w\" sizes=\"(max-width: 738px) 100vw, 738px\" \/><\/figure><\/li><\/ul>\n\n\n\n<h2>Simulacije:<\/h2>\n\n\n\n<h3>Svi doga\u0111aji:<\/h3>\n\n\n\n<ul class=\"is-layout-flex wp-block-gallery-5 wp-block-gallery columns-3 is-cropped\"><li class=\"blocks-gallery-item\"><figure><img decoding=\"async\" loading=\"lazy\" width=\"738\" height=\"426\" src=\"http:\/\/alice.phy.hr\/wp-content\/uploads\/2021\/03\/1-2.png\" alt=\"\" data-id=\"309\" data-link=\"http:\/\/alice.phy.hr\/index.php\/d1-8-dvocesticne-korelacije-u-pp-dogadajima-izmjerene-s-implementiranim-rezom-oblika-dogadaja-usporedba-simulacija-i-podataka\/1-3\/#main\" class=\"wp-image-309\" srcset=\"https:\/\/alice.phy.hr\/wp-content\/uploads\/2021\/03\/1-2.png 738w, https:\/\/alice.phy.hr\/wp-content\/uploads\/2021\/03\/1-2-300x173.png 300w\" sizes=\"(max-width: 738px) 100vw, 738px\" \/><\/figure><\/li><li class=\"blocks-gallery-item\"><figure><img decoding=\"async\" loading=\"lazy\" width=\"738\" height=\"425\" src=\"http:\/\/alice.phy.hr\/wp-content\/uploads\/2021\/03\/2-2.png\" alt=\"\" data-id=\"310\" data-link=\"http:\/\/alice.phy.hr\/index.php\/d1-8-dvocesticne-korelacije-u-pp-dogadajima-izmjerene-s-implementiranim-rezom-oblika-dogadaja-usporedba-simulacija-i-podataka\/2-3\/#main\" class=\"wp-image-310\" srcset=\"https:\/\/alice.phy.hr\/wp-content\/uploads\/2021\/03\/2-2.png 738w, https:\/\/alice.phy.hr\/wp-content\/uploads\/2021\/03\/2-2-300x173.png 300w\" sizes=\"(max-width: 738px) 100vw, 738px\" \/><\/figure><\/li><li class=\"blocks-gallery-item\"><figure><img decoding=\"async\" loading=\"lazy\" width=\"739\" height=\"426\" src=\"http:\/\/alice.phy.hr\/wp-content\/uploads\/2021\/03\/3-2.png\" alt=\"\" data-id=\"311\" data-link=\"http:\/\/alice.phy.hr\/index.php\/d1-8-dvocesticne-korelacije-u-pp-dogadajima-izmjerene-s-implementiranim-rezom-oblika-dogadaja-usporedba-simulacija-i-podataka\/3-3\/#main\" class=\"wp-image-311\" srcset=\"https:\/\/alice.phy.hr\/wp-content\/uploads\/2021\/03\/3-2.png 739w, https:\/\/alice.phy.hr\/wp-content\/uploads\/2021\/03\/3-2-300x173.png 300w\" sizes=\"(max-width: 739px) 100vw, 739px\" \/><\/figure><\/li><li class=\"blocks-gallery-item\"><figure><img decoding=\"async\" loading=\"lazy\" width=\"737\" height=\"425\" src=\"http:\/\/alice.phy.hr\/wp-content\/uploads\/2021\/03\/4-2.png\" alt=\"\" data-id=\"312\" data-link=\"http:\/\/alice.phy.hr\/index.php\/d1-8-dvocesticne-korelacije-u-pp-dogadajima-izmjerene-s-implementiranim-rezom-oblika-dogadaja-usporedba-simulacija-i-podataka\/4-3\/#main\" class=\"wp-image-312\" srcset=\"https:\/\/alice.phy.hr\/wp-content\/uploads\/2021\/03\/4-2.png 737w, https:\/\/alice.phy.hr\/wp-content\/uploads\/2021\/03\/4-2-300x173.png 300w\" sizes=\"(max-width: 737px) 100vw, 737px\" \/><\/figure><\/li><\/ul>\n\n\n\n<h3>Doga\u0111aji s najve\u0107im multiplicitetom:<\/h3>\n\n\n\n<ul class=\"is-layout-flex wp-block-gallery-7 wp-block-gallery columns-3 is-cropped\"><li class=\"blocks-gallery-item\"><figure><img decoding=\"async\" loading=\"lazy\" width=\"738\" height=\"425\" src=\"http:\/\/alice.phy.hr\/wp-content\/uploads\/2021\/03\/1-1.png\" alt=\"\" data-id=\"305\" data-link=\"http:\/\/alice.phy.hr\/index.php\/d1-8-dvocesticne-korelacije-u-pp-dogadajima-izmjerene-s-implementiranim-rezom-oblika-dogadaja-usporedba-simulacija-i-podataka\/1-2\/#main\" class=\"wp-image-305\" srcset=\"https:\/\/alice.phy.hr\/wp-content\/uploads\/2021\/03\/1-1.png 738w, https:\/\/alice.phy.hr\/wp-content\/uploads\/2021\/03\/1-1-300x173.png 300w\" sizes=\"(max-width: 738px) 100vw, 738px\" \/><\/figure><\/li><li class=\"blocks-gallery-item\"><figure><img decoding=\"async\" loading=\"lazy\" width=\"738\" height=\"425\" src=\"http:\/\/alice.phy.hr\/wp-content\/uploads\/2021\/03\/2-1.png\" alt=\"\" data-id=\"306\" data-link=\"http:\/\/alice.phy.hr\/index.php\/d1-8-dvocesticne-korelacije-u-pp-dogadajima-izmjerene-s-implementiranim-rezom-oblika-dogadaja-usporedba-simulacija-i-podataka\/2-2\/#main\" class=\"wp-image-306\" srcset=\"https:\/\/alice.phy.hr\/wp-content\/uploads\/2021\/03\/2-1.png 738w, https:\/\/alice.phy.hr\/wp-content\/uploads\/2021\/03\/2-1-300x173.png 300w\" sizes=\"(max-width: 738px) 100vw, 738px\" \/><\/figure><\/li><li class=\"blocks-gallery-item\"><figure><img decoding=\"async\" loading=\"lazy\" width=\"738\" height=\"425\" src=\"http:\/\/alice.phy.hr\/wp-content\/uploads\/2021\/03\/3-1.png\" alt=\"\" data-id=\"307\" data-link=\"http:\/\/alice.phy.hr\/index.php\/d1-8-dvocesticne-korelacije-u-pp-dogadajima-izmjerene-s-implementiranim-rezom-oblika-dogadaja-usporedba-simulacija-i-podataka\/3-2\/#main\" class=\"wp-image-307\" srcset=\"https:\/\/alice.phy.hr\/wp-content\/uploads\/2021\/03\/3-1.png 738w, https:\/\/alice.phy.hr\/wp-content\/uploads\/2021\/03\/3-1-300x173.png 300w\" sizes=\"(max-width: 738px) 100vw, 738px\" \/><\/figure><\/li><li class=\"blocks-gallery-item\"><figure><img decoding=\"async\" loading=\"lazy\" width=\"738\" height=\"425\" src=\"http:\/\/alice.phy.hr\/wp-content\/uploads\/2021\/03\/4-1.png\" alt=\"\" data-id=\"308\" data-link=\"http:\/\/alice.phy.hr\/index.php\/d1-8-dvocesticne-korelacije-u-pp-dogadajima-izmjerene-s-implementiranim-rezom-oblika-dogadaja-usporedba-simulacija-i-podataka\/4-2\/#main\" class=\"wp-image-308\" srcset=\"https:\/\/alice.phy.hr\/wp-content\/uploads\/2021\/03\/4-1.png 738w, https:\/\/alice.phy.hr\/wp-content\/uploads\/2021\/03\/4-1-300x173.png 300w\" sizes=\"(max-width: 738px) 100vw, 738px\" \/><\/figure><\/li><\/ul>\n","protected":false},"excerpt":{"rendered":"<p>Prilo\u017eeni su rezultati projekcija korelacijskih funkcija u razlicitim rasponima transverzalnog sfericiteta za simulacije i za prave podatke. Tako\u0111er se prikazuju rezultati u dvije kategorije s razlicitim brojem \u010destica (multipliciteta); svi doga\u0111aji (takozvani Minimum Bias) i doga\u0111aji koji sadr\u017ee najve\u010di broj \u010destica. Podatci: Svi doga\u0111aji: Doga\u0111aji s najve\u0107im multiplicitetom: Simulacije: Svi doga\u0111aji: Doga\u0111aji s najve\u0107im multiplicitetom:<\/p>\n","protected":false},"author":1,"featured_media":0,"parent":0,"menu_order":0,"comment_status":"closed","ping_status":"closed","template":"","meta":[],"_links":{"self":[{"href":"https:\/\/alice.phy.hr\/index.php\/wp-json\/wp\/v2\/pages\/236"}],"collection":[{"href":"https:\/\/alice.phy.hr\/index.php\/wp-json\/wp\/v2\/pages"}],"about":[{"href":"https:\/\/alice.phy.hr\/index.php\/wp-json\/wp\/v2\/types\/page"}],"author":[{"embeddable":true,"href":"https:\/\/alice.phy.hr\/index.php\/wp-json\/wp\/v2\/users\/1"}],"replies":[{"embeddable":true,"href":"https:\/\/alice.phy.hr\/index.php\/wp-json\/wp\/v2\/comments?post=236"}],"version-history":[{"count":3,"href":"https:\/\/alice.phy.hr\/index.php\/wp-json\/wp\/v2\/pages\/236\/revisions"}],"predecessor-version":[{"id":358,"href":"https:\/\/alice.phy.hr\/index.php\/wp-json\/wp\/v2\/pages\/236\/revisions\/358"}],"wp:attachment":[{"href":"https:\/\/alice.phy.hr\/index.php\/wp-json\/wp\/v2\/media?parent=236"}],"curies":[{"name":"wp","href":"https:\/\/api.w.org\/{rel}","templated":true}]}}