{"id":234,"date":"2021-03-30T12:51:43","date_gmt":"2021-03-30T12:51:43","guid":{"rendered":"http:\/\/alice.phy.hr\/?page_id=234"},"modified":"2021-03-31T10:35:00","modified_gmt":"2021-03-31T10:35:00","slug":"d-1-7","status":"publish","type":"page","link":"https:\/\/alice.phy.hr\/index.php\/d-1-7\/","title":{"rendered":"D1.7 Dvo\u010desti\u010dne korelacije u pp doga\u0111ajima izmjerene s implementiranim rezom oblika doga\u0111aja i strojnog u\u010denja"},"content":{"rendered":"\n<p>Rezultati mjerenja dvo\u010desti\u010dnih korelacija s implementiranim rezom oblika doga\u0111aja se mogu vidjeti na idu\u0107im slikama. Svaka slika pokazuje korelacijsku funkciju za razli\u010diti raspon transverzalnog sfericiteta koja je varijabla koja opisuje oblik doga\u0111aja u ovom istra\u017eivanju.<\/p>\n\n\n\n<ul class=\"is-layout-flex wp-block-gallery-1 wp-block-gallery columns-3 is-cropped\"><li class=\"blocks-gallery-item\"><figure><img decoding=\"async\" loading=\"lazy\" width=\"1024\" height=\"738\" src=\"http:\/\/alice.phy.hr\/wp-content\/uploads\/2021\/03\/data_CorrFunc_Trunc_0.35-0.50_10-1-1024x738.png\" alt=\"\" data-id=\"286\" data-link=\"http:\/\/alice.phy.hr\/index.php\/d1-7-dvocesticne-korelacije-u-pp-dogadajima-izmjerene-s-implementiranim-rezom-oblika-dogadaja-i-strojnog-ucenja\/data_corrfunc_trunc_0-35-0-50_10-2\/#main\" class=\"wp-image-286\" srcset=\"https:\/\/alice.phy.hr\/wp-content\/uploads\/2021\/03\/data_CorrFunc_Trunc_0.35-0.50_10-1-1024x738.png 1024w, https:\/\/alice.phy.hr\/wp-content\/uploads\/2021\/03\/data_CorrFunc_Trunc_0.35-0.50_10-1-300x216.png 300w, https:\/\/alice.phy.hr\/wp-content\/uploads\/2021\/03\/data_CorrFunc_Trunc_0.35-0.50_10-1-768x554.png 768w\" sizes=\"(max-width: 1024px) 100vw, 1024px\" \/><\/figure><\/li><li class=\"blocks-gallery-item\"><figure><img decoding=\"async\" loading=\"lazy\" width=\"1024\" height=\"738\" src=\"http:\/\/alice.phy.hr\/wp-content\/uploads\/2021\/03\/data_CorrFunc_Trunc_0.50-0.64_10-1-1024x738.png\" alt=\"\" data-id=\"287\" data-link=\"http:\/\/alice.phy.hr\/index.php\/d1-7-dvocesticne-korelacije-u-pp-dogadajima-izmjerene-s-implementiranim-rezom-oblika-dogadaja-i-strojnog-ucenja\/data_corrfunc_trunc_0-50-0-64_10-2\/#main\" class=\"wp-image-287\" srcset=\"https:\/\/alice.phy.hr\/wp-content\/uploads\/2021\/03\/data_CorrFunc_Trunc_0.50-0.64_10-1-1024x738.png 1024w, https:\/\/alice.phy.hr\/wp-content\/uploads\/2021\/03\/data_CorrFunc_Trunc_0.50-0.64_10-1-300x216.png 300w, https:\/\/alice.phy.hr\/wp-content\/uploads\/2021\/03\/data_CorrFunc_Trunc_0.50-0.64_10-1-768x554.png 768w\" sizes=\"(max-width: 1024px) 100vw, 1024px\" \/><\/figure><\/li><li class=\"blocks-gallery-item\"><figure><img decoding=\"async\" loading=\"lazy\" width=\"1024\" height=\"738\" src=\"http:\/\/alice.phy.hr\/wp-content\/uploads\/2021\/03\/data_CorrFunc_Trunc_0.64-0.80_10-1-1024x738.png\" alt=\"\" data-id=\"288\" data-link=\"http:\/\/alice.phy.hr\/index.php\/d1-7-dvocesticne-korelacije-u-pp-dogadajima-izmjerene-s-implementiranim-rezom-oblika-dogadaja-i-strojnog-ucenja\/data_corrfunc_trunc_0-64-0-80_10-2\/#main\" class=\"wp-image-288\" srcset=\"https:\/\/alice.phy.hr\/wp-content\/uploads\/2021\/03\/data_CorrFunc_Trunc_0.64-0.80_10-1-1024x738.png 1024w, https:\/\/alice.phy.hr\/wp-content\/uploads\/2021\/03\/data_CorrFunc_Trunc_0.64-0.80_10-1-300x216.png 300w, https:\/\/alice.phy.hr\/wp-content\/uploads\/2021\/03\/data_CorrFunc_Trunc_0.64-0.80_10-1-768x554.png 768w\" sizes=\"(max-width: 1024px) 100vw, 1024px\" \/><\/figure><\/li><li class=\"blocks-gallery-item\"><figure><img decoding=\"async\" loading=\"lazy\" width=\"1024\" height=\"738\" src=\"http:\/\/alice.phy.hr\/wp-content\/uploads\/2021\/03\/data_CorrFunc_Trunc_0.80-1.00_10-1-1024x738.png\" alt=\"\" data-id=\"289\" data-link=\"http:\/\/alice.phy.hr\/index.php\/d1-7-dvocesticne-korelacije-u-pp-dogadajima-izmjerene-s-implementiranim-rezom-oblika-dogadaja-i-strojnog-ucenja\/data_corrfunc_trunc_0-80-1-00_10-2\/#main\" class=\"wp-image-289\" srcset=\"https:\/\/alice.phy.hr\/wp-content\/uploads\/2021\/03\/data_CorrFunc_Trunc_0.80-1.00_10-1-1024x738.png 1024w, https:\/\/alice.phy.hr\/wp-content\/uploads\/2021\/03\/data_CorrFunc_Trunc_0.80-1.00_10-1-300x216.png 300w, https:\/\/alice.phy.hr\/wp-content\/uploads\/2021\/03\/data_CorrFunc_Trunc_0.80-1.00_10-1-768x554.png 768w\" sizes=\"(max-width: 1024px) 100vw, 1024px\" \/><\/figure><\/li><li class=\"blocks-gallery-item\"><figure><img decoding=\"async\" loading=\"lazy\" width=\"1024\" height=\"738\" src=\"http:\/\/alice.phy.hr\/wp-content\/uploads\/2021\/03\/data_CorrFunc_Trunc_0.00-0.35_10-1-1024x738.png\" alt=\"\" data-id=\"290\" data-link=\"http:\/\/alice.phy.hr\/index.php\/d1-7-dvocesticne-korelacije-u-pp-dogadajima-izmjerene-s-implementiranim-rezom-oblika-dogadaja-i-strojnog-ucenja\/data_corrfunc_trunc_0-00-0-35_10-2\/#main\" class=\"wp-image-290\" srcset=\"https:\/\/alice.phy.hr\/wp-content\/uploads\/2021\/03\/data_CorrFunc_Trunc_0.00-0.35_10-1-1024x738.png 1024w, https:\/\/alice.phy.hr\/wp-content\/uploads\/2021\/03\/data_CorrFunc_Trunc_0.00-0.35_10-1-300x216.png 300w, https:\/\/alice.phy.hr\/wp-content\/uploads\/2021\/03\/data_CorrFunc_Trunc_0.00-0.35_10-1-768x554.png 768w\" sizes=\"(max-width: 1024px) 100vw, 1024px\" \/><\/figure><\/li><\/ul>\n\n\n\n<p>Projekcije gornjih korelacijskih funkcija na osi radi lakseg usporedivanja utjecaja oblika doga\u0111aja na signale korelacije.<\/p>\n\n\n\n<ul class=\"is-layout-flex wp-block-gallery-3 wp-block-gallery columns-3 is-cropped\"><li class=\"blocks-gallery-item\"><figure><img decoding=\"async\" loading=\"lazy\" width=\"1024\" height=\"738\" src=\"http:\/\/alice.phy.hr\/wp-content\/uploads\/2021\/03\/phi_in-1024x738.png\" alt=\"\" data-id=\"291\" data-link=\"http:\/\/alice.phy.hr\/index.php\/d1-7-dvocesticne-korelacije-u-pp-dogadajima-izmjerene-s-implementiranim-rezom-oblika-dogadaja-i-strojnog-ucenja\/phi_in\/#main\" class=\"wp-image-291\" srcset=\"https:\/\/alice.phy.hr\/wp-content\/uploads\/2021\/03\/phi_in-1024x738.png 1024w, https:\/\/alice.phy.hr\/wp-content\/uploads\/2021\/03\/phi_in-300x216.png 300w, https:\/\/alice.phy.hr\/wp-content\/uploads\/2021\/03\/phi_in-768x554.png 768w\" sizes=\"(max-width: 1024px) 100vw, 1024px\" \/><\/figure><\/li><li class=\"blocks-gallery-item\"><figure><img decoding=\"async\" loading=\"lazy\" width=\"1024\" height=\"738\" src=\"http:\/\/alice.phy.hr\/wp-content\/uploads\/2021\/03\/eta_all-1024x738.png\" alt=\"\" data-id=\"292\" data-link=\"http:\/\/alice.phy.hr\/index.php\/d1-7-dvocesticne-korelacije-u-pp-dogadajima-izmjerene-s-implementiranim-rezom-oblika-dogadaja-i-strojnog-ucenja\/eta_all\/#main\" class=\"wp-image-292\" srcset=\"https:\/\/alice.phy.hr\/wp-content\/uploads\/2021\/03\/eta_all-1024x738.png 1024w, https:\/\/alice.phy.hr\/wp-content\/uploads\/2021\/03\/eta_all-300x216.png 300w, https:\/\/alice.phy.hr\/wp-content\/uploads\/2021\/03\/eta_all-768x554.png 768w\" sizes=\"(max-width: 1024px) 100vw, 1024px\" \/><\/figure><\/li><li class=\"blocks-gallery-item\"><figure><img decoding=\"async\" loading=\"lazy\" width=\"1024\" height=\"738\" src=\"http:\/\/alice.phy.hr\/wp-content\/uploads\/2021\/03\/eta_in-1024x738.png\" alt=\"\" data-id=\"293\" data-link=\"http:\/\/alice.phy.hr\/index.php\/d1-7-dvocesticne-korelacije-u-pp-dogadajima-izmjerene-s-implementiranim-rezom-oblika-dogadaja-i-strojnog-ucenja\/eta_in\/#main\" class=\"wp-image-293\" srcset=\"https:\/\/alice.phy.hr\/wp-content\/uploads\/2021\/03\/eta_in-1024x738.png 1024w, https:\/\/alice.phy.hr\/wp-content\/uploads\/2021\/03\/eta_in-300x216.png 300w, https:\/\/alice.phy.hr\/wp-content\/uploads\/2021\/03\/eta_in-768x554.png 768w\" sizes=\"(max-width: 1024px) 100vw, 1024px\" \/><\/figure><\/li><li class=\"blocks-gallery-item\"><figure><img decoding=\"async\" loading=\"lazy\" width=\"1024\" height=\"738\" src=\"http:\/\/alice.phy.hr\/wp-content\/uploads\/2021\/03\/eta_in-out-1024x738.png\" alt=\"\" data-id=\"294\" data-link=\"http:\/\/alice.phy.hr\/index.php\/d1-7-dvocesticne-korelacije-u-pp-dogadajima-izmjerene-s-implementiranim-rezom-oblika-dogadaja-i-strojnog-ucenja\/eta_in-out\/#main\" class=\"wp-image-294\" srcset=\"https:\/\/alice.phy.hr\/wp-content\/uploads\/2021\/03\/eta_in-out-1024x738.png 1024w, https:\/\/alice.phy.hr\/wp-content\/uploads\/2021\/03\/eta_in-out-300x216.png 300w, https:\/\/alice.phy.hr\/wp-content\/uploads\/2021\/03\/eta_in-out-768x554.png 768w\" sizes=\"(max-width: 1024px) 100vw, 1024px\" \/><\/figure><\/li><li class=\"blocks-gallery-item\"><figure><img decoding=\"async\" loading=\"lazy\" width=\"1024\" height=\"738\" src=\"http:\/\/alice.phy.hr\/wp-content\/uploads\/2021\/03\/eta_out-1024x738.png\" alt=\"\" data-id=\"295\" data-link=\"http:\/\/alice.phy.hr\/index.php\/d1-7-dvocesticne-korelacije-u-pp-dogadajima-izmjerene-s-implementiranim-rezom-oblika-dogadaja-i-strojnog-ucenja\/eta_out\/#main\" class=\"wp-image-295\" srcset=\"https:\/\/alice.phy.hr\/wp-content\/uploads\/2021\/03\/eta_out-1024x738.png 1024w, https:\/\/alice.phy.hr\/wp-content\/uploads\/2021\/03\/eta_out-300x216.png 300w, https:\/\/alice.phy.hr\/wp-content\/uploads\/2021\/03\/eta_out-768x554.png 768w\" sizes=\"(max-width: 1024px) 100vw, 1024px\" \/><\/figure><\/li><\/ul>\n\n\n\n<p>Iz funkcije prilagodbe na oblik vrha od snopova se mogu izvu\u010di parametri koji opisuju visinu i \u0161irinu vrha te broj \u010destica u vrhu. Od ovoga se moze kvantitativno usporediti utjecaj oblika doga\u0111aja na korelacije.<\/p>\n\n\n\n<ul class=\"is-layout-flex wp-block-gallery-5 wp-block-gallery columns-3 is-cropped\"><li class=\"blocks-gallery-item\"><figure><img decoding=\"async\" loading=\"lazy\" width=\"1024\" height=\"738\" src=\"http:\/\/alice.phy.hr\/wp-content\/uploads\/2021\/03\/yield-1024x738.png\" alt=\"\" data-id=\"296\" data-link=\"http:\/\/alice.phy.hr\/index.php\/d1-7-dvocesticne-korelacije-u-pp-dogadajima-izmjerene-s-implementiranim-rezom-oblika-dogadaja-i-strojnog-ucenja\/yield\/#main\" class=\"wp-image-296\" srcset=\"https:\/\/alice.phy.hr\/wp-content\/uploads\/2021\/03\/yield-1024x738.png 1024w, https:\/\/alice.phy.hr\/wp-content\/uploads\/2021\/03\/yield-300x216.png 300w, https:\/\/alice.phy.hr\/wp-content\/uploads\/2021\/03\/yield-768x554.png 768w\" sizes=\"(max-width: 1024px) 100vw, 1024px\" \/><\/figure><\/li><li class=\"blocks-gallery-item\"><figure><img decoding=\"async\" loading=\"lazy\" width=\"1024\" height=\"738\" src=\"http:\/\/alice.phy.hr\/wp-content\/uploads\/2021\/03\/height-1024x738.png\" alt=\"\" data-id=\"297\" data-link=\"http:\/\/alice.phy.hr\/index.php\/d1-7-dvocesticne-korelacije-u-pp-dogadajima-izmjerene-s-implementiranim-rezom-oblika-dogadaja-i-strojnog-ucenja\/height\/#main\" class=\"wp-image-297\" srcset=\"https:\/\/alice.phy.hr\/wp-content\/uploads\/2021\/03\/height-1024x738.png 1024w, https:\/\/alice.phy.hr\/wp-content\/uploads\/2021\/03\/height-300x216.png 300w, https:\/\/alice.phy.hr\/wp-content\/uploads\/2021\/03\/height-768x554.png 768w\" sizes=\"(max-width: 1024px) 100vw, 1024px\" \/><\/figure><\/li><li class=\"blocks-gallery-item\"><figure><img decoding=\"async\" loading=\"lazy\" width=\"1024\" height=\"738\" src=\"http:\/\/alice.phy.hr\/wp-content\/uploads\/2021\/03\/width-1024x738.png\" alt=\"\" data-id=\"298\" data-link=\"http:\/\/alice.phy.hr\/index.php\/d1-7-dvocesticne-korelacije-u-pp-dogadajima-izmjerene-s-implementiranim-rezom-oblika-dogadaja-i-strojnog-ucenja\/width\/#main\" class=\"wp-image-298\" srcset=\"https:\/\/alice.phy.hr\/wp-content\/uploads\/2021\/03\/width-1024x738.png 1024w, https:\/\/alice.phy.hr\/wp-content\/uploads\/2021\/03\/width-300x216.png 300w, https:\/\/alice.phy.hr\/wp-content\/uploads\/2021\/03\/width-768x554.png 768w\" sizes=\"(max-width: 1024px) 100vw, 1024px\" \/><\/figure><\/li><\/ul>\n","protected":false},"excerpt":{"rendered":"<p>Rezultati mjerenja dvo\u010desti\u010dnih korelacija s implementiranim rezom oblika doga\u0111aja se mogu vidjeti na idu\u0107im slikama. Svaka slika pokazuje korelacijsku funkciju za razli\u010diti raspon transverzalnog sfericiteta koja je varijabla koja opisuje oblik doga\u0111aja u ovom istra\u017eivanju. Projekcije gornjih korelacijskih funkcija na osi radi lakseg usporedivanja utjecaja oblika doga\u0111aja na signale korelacije. Iz funkcije prilagodbe na oblik &#8230; <a title=\"D1.7 Dvo\u010desti\u010dne korelacije u pp doga\u0111ajima izmjerene s implementiranim rezom oblika doga\u0111aja i strojnog u\u010denja\" class=\"read-more\" href=\"https:\/\/alice.phy.hr\/index.php\/d-1-7\/\">Read more<span class=\"screen-reader-text\">D1.7 Dvo\u010desti\u010dne korelacije u pp doga\u0111ajima izmjerene s implementiranim rezom oblika doga\u0111aja i strojnog u\u010denja<\/span><\/a><\/p>\n","protected":false},"author":1,"featured_media":0,"parent":0,"menu_order":0,"comment_status":"closed","ping_status":"closed","template":"","meta":[],"_links":{"self":[{"href":"https:\/\/alice.phy.hr\/index.php\/wp-json\/wp\/v2\/pages\/234"}],"collection":[{"href":"https:\/\/alice.phy.hr\/index.php\/wp-json\/wp\/v2\/pages"}],"about":[{"href":"https:\/\/alice.phy.hr\/index.php\/wp-json\/wp\/v2\/types\/page"}],"author":[{"embeddable":true,"href":"https:\/\/alice.phy.hr\/index.php\/wp-json\/wp\/v2\/users\/1"}],"replies":[{"embeddable":true,"href":"https:\/\/alice.phy.hr\/index.php\/wp-json\/wp\/v2\/comments?post=234"}],"version-history":[{"count":3,"href":"https:\/\/alice.phy.hr\/index.php\/wp-json\/wp\/v2\/pages\/234\/revisions"}],"predecessor-version":[{"id":356,"href":"https:\/\/alice.phy.hr\/index.php\/wp-json\/wp\/v2\/pages\/234\/revisions\/356"}],"wp:attachment":[{"href":"https:\/\/alice.phy.hr\/index.php\/wp-json\/wp\/v2\/media?parent=234"}],"curies":[{"name":"wp","href":"https:\/\/api.w.org\/{rel}","templated":true}]}}