{"id":101,"date":"2019-10-01T11:03:33","date_gmt":"2019-10-01T11:03:33","guid":{"rendered":"http:\/\/alice.phy.hr\/?page_id=101"},"modified":"2019-10-14T14:55:56","modified_gmt":"2019-10-14T14:55:56","slug":"d3-3-tehnicka-dokumentacija-za-proizvodnju-komponenti-postava","status":"publish","type":"page","link":"https:\/\/alice.phy.hr\/index.php\/d3-3-tehnicka-dokumentacija-za-proizvodnju-komponenti-postava\/","title":{"rendered":"D3.3 Tehni\u010dka dokumentacija za proizvodnju komponenti postava"},"content":{"rendered":"\n<p>Klikom na ovaj <a href=\"http:\/\/alice.phy.hr\/wp-content\/uploads\/2019\/10\/D3.3.pdf\" target=\"_blank\" rel=\"noreferrer noopener\" aria-label=\"link (opens in a new tab)\">link<\/a> mo\u017eete na\u0107i izvje\u0161\u0107e.<\/p>\n","protected":false},"excerpt":{"rendered":"<p>Klikom na ovaj link mo\u017eete na\u0107i izvje\u0161\u0107e.<\/p>\n","protected":false},"author":1,"featured_media":0,"parent":0,"menu_order":0,"comment_status":"closed","ping_status":"closed","template":"","meta":[],"_links":{"self":[{"href":"https:\/\/alice.phy.hr\/index.php\/wp-json\/wp\/v2\/pages\/101"}],"collection":[{"href":"https:\/\/alice.phy.hr\/index.php\/wp-json\/wp\/v2\/pages"}],"about":[{"href":"https:\/\/alice.phy.hr\/index.php\/wp-json\/wp\/v2\/types\/page"}],"author":[{"embeddable":true,"href":"https:\/\/alice.phy.hr\/index.php\/wp-json\/wp\/v2\/users\/1"}],"replies":[{"embeddable":true,"href":"https:\/\/alice.phy.hr\/index.php\/wp-json\/wp\/v2\/comments?post=101"}],"version-history":[{"count":2,"href":"https:\/\/alice.phy.hr\/index.php\/wp-json\/wp\/v2\/pages\/101\/revisions"}],"predecessor-version":[{"id":212,"href":"https:\/\/alice.phy.hr\/index.php\/wp-json\/wp\/v2\/pages\/101\/revisions\/212"}],"wp:attachment":[{"href":"https:\/\/alice.phy.hr\/index.php\/wp-json\/wp\/v2\/media?parent=101"}],"curies":[{"name":"wp","href":"https:\/\/api.w.org\/{rel}","templated":true}]}}